{"id":2241,"date":"2022-09-25T17:49:45","date_gmt":"2022-09-25T15:49:45","guid":{"rendered":"https:\/\/kingtyre-deutschland.de\/?page_id=2241"},"modified":"2025-03-17T19:25:16","modified_gmt":"2025-03-17T18:25:16","slug":"impressum","status":"publish","type":"page","link":"https:\/\/kingtyre-schweiz.ch\/?page_id=2241","title":{"rendered":"Impressum"},"content":{"rendered":"<div class=\"wpb-content-wrapper\"><p>[vc_section][vc_row][vc_column]<div class=\"wpb_content_element \"><style type=\"text\/css\">#ut_header_69d445f5b8203 h1.page-title { font-size:40px !important;letter-spacing:-0.03em; }<\/style><header id=\"ut_header_69d445f5b8203\" class=\"page-header page-title-module  ut-no-title-linebreak-mobile ut-no-lead-linebreak-mobile pt-style-1 header-center header-tablet-center header-mobile-center\"><h1 data-title=\"Impressum\"  data-responsive-font=\"page_title\" data-responsive-font-settings=\"{&quot;base-font-size&quot;:&quot;global&quot;,&quot;font-size&quot;:{&quot;desktop_large&quot;:&quot;40&quot;},&quot;base-line-height&quot;:&quot;global&quot;,&quot;base-letter-spacing&quot;:&quot;global&quot;,&quot;letter-spacing&quot;:{&quot;desktop_large&quot;:&quot;-0.03&quot;}}\" class=\"bklyn-divider-styles bklyn-divider-style-1 page-title \"><span>Impressum<\/span><\/h1><\/header><\/div>[vc_column_text]<strong>Sitz der Gesellschaft:<\/strong><\/p>\n<p>Kingtyre Deutschland GmbH<br \/>\nSchulstra\u00dfe 33<br \/>\n71155 Altdorf<br \/>\nDeutschland<\/p>\n<p>&nbsp;<\/p>\n<p>Telefon: +49 (0) 7031 &#8211; 2094058<br \/>\nWeb: www.kingtyre-deutschland.de<br \/>\nE-Mail: info@kingtyre-deutschland.de<\/p>\n<p>&nbsp;<\/p>\n<p>Gesch\u00e4ftsf\u00fchrer: Fabian Fischer, Hubert Folwarczny<br \/>\nZust\u00e4ndiges Gericht: Amtsgericht Stuttgart<br \/>\nHRB Nummer: HRB 785411<br \/>\nUSt.Nr.: DE356383843[\/vc_column_text][\/vc_column][\/vc_row][\/vc_section]<\/p>\n<\/div>","protected":false},"excerpt":{"rendered":"<p>[vc_section][vc_row][vc_column][vc_column_text]Sitz der Gesellschaft: Kingtyre Deutschland GmbH Schulstra\u00dfe 33 71155 Altdorf Deutschland &nbsp; Telefon: +49 (0) 7031 &#8211; 2094058 Web: www.kingtyre-deutschland.de E-Mail: info@kingtyre-deutschland.de &nbsp; Gesch\u00e4ftsf\u00fchrer: Fabian Fischer, Hubert Folwarczny Zust\u00e4ndiges Gericht: Amtsgericht Stuttgart HRB Nummer: HRB 785411 USt.Nr.: DE356383843[\/vc_column_text][\/vc_column][\/vc_row][\/vc_section]<\/p>\n","protected":false},"author":1,"featured_media":0,"parent":0,"menu_order":0,"comment_status":"closed","ping_status":"closed","template":"","meta":{"footnotes":""},"class_list":["post-2241","page","type-page","status-publish","hentry"],"yoast_head":"<!-- This site is optimized with the Yoast SEO plugin v27.0 - https:\/\/yoast.com\/product\/yoast-seo-wordpress\/ -->\n<title>Impressum - Kingtyre Schweiz<\/title>\n<meta name=\"robots\" content=\"index, follow, max-snippet:-1, max-image-preview:large, max-video-preview:-1\" \/>\n<link rel=\"canonical\" href=\"https:\/\/kingtyre-schweiz.ch\/?page_id=2241\" \/>\n<meta property=\"og:locale\" content=\"de_DE\" \/>\n<meta property=\"og:type\" content=\"article\" \/>\n<meta property=\"og:title\" content=\"Impressum - Kingtyre Schweiz\" \/>\n<meta property=\"og:description\" content=\"[vc_section][vc_row][vc_column][vc_column_text]Sitz der Gesellschaft: Kingtyre Deutschland GmbH Schulstra\u00dfe 33 71155 Altdorf Deutschland &nbsp; Telefon: +49 (0) 7031 &#8211; 2094058 Web: www.kingtyre-deutschland.de E-Mail: info@kingtyre-deutschland.de &nbsp; Gesch\u00e4ftsf\u00fchrer: Fabian Fischer, Hubert Folwarczny Zust\u00e4ndiges Gericht: Amtsgericht Stuttgart HRB Nummer: HRB 785411 USt.Nr.: DE356383843[\/vc_column_text][\/vc_column][\/vc_row][\/vc_section]\" \/>\n<meta property=\"og:url\" content=\"https:\/\/kingtyre-schweiz.ch\/?page_id=2241\" \/>\n<meta property=\"og:site_name\" content=\"Kingtyre Schweiz\" \/>\n<meta property=\"article:modified_time\" content=\"2025-03-17T18:25:16+00:00\" \/>\n<meta name=\"twitter:card\" content=\"summary_large_image\" \/>\n<meta name=\"twitter:label1\" content=\"Gesch\u00e4tzte Lesezeit\" \/>\n\t<meta name=\"twitter:data1\" content=\"1\u00a0Minute\" \/>\n<script type=\"application\/ld+json\" class=\"yoast-schema-graph\">{\"@context\":\"https:\/\/schema.org\",\"@graph\":[{\"@type\":\"WebPage\",\"@id\":\"https:\/\/kingtyre-schweiz.ch\/?page_id=2241\",\"url\":\"https:\/\/kingtyre-schweiz.ch\/?page_id=2241\",\"name\":\"Impressum - Kingtyre Schweiz\",\"isPartOf\":{\"@id\":\"https:\/\/kingtyre-schweiz.ch\/#website\"},\"datePublished\":\"2022-09-25T15:49:45+00:00\",\"dateModified\":\"2025-03-17T18:25:16+00:00\",\"breadcrumb\":{\"@id\":\"https:\/\/kingtyre-schweiz.ch\/?page_id=2241#breadcrumb\"},\"inLanguage\":\"de\",\"potentialAction\":[{\"@type\":\"ReadAction\",\"target\":[\"https:\/\/kingtyre-schweiz.ch\/?page_id=2241\"]}]},{\"@type\":\"BreadcrumbList\",\"@id\":\"https:\/\/kingtyre-schweiz.ch\/?page_id=2241#breadcrumb\",\"itemListElement\":[{\"@type\":\"ListItem\",\"position\":1,\"name\":\"Startseite\",\"item\":\"https:\/\/kingtyre-schweiz.ch\/\"},{\"@type\":\"ListItem\",\"position\":2,\"name\":\"Impressum\"}]},{\"@type\":\"WebSite\",\"@id\":\"https:\/\/kingtyre-schweiz.ch\/#website\",\"url\":\"https:\/\/kingtyre-schweiz.ch\/\",\"name\":\"Kingtyre Schweiz\",\"description\":\"Motorrad Rennreifen von Kingtyre\",\"potentialAction\":[{\"@type\":\"SearchAction\",\"target\":{\"@type\":\"EntryPoint\",\"urlTemplate\":\"https:\/\/kingtyre-schweiz.ch\/?s={search_term_string}\"},\"query-input\":{\"@type\":\"PropertyValueSpecification\",\"valueRequired\":true,\"valueName\":\"search_term_string\"}}],\"inLanguage\":\"de\"}]}<\/script>\n<!-- \/ Yoast SEO plugin. -->","yoast_head_json":{"title":"Impressum - Kingtyre Schweiz","robots":{"index":"index","follow":"follow","max-snippet":"max-snippet:-1","max-image-preview":"max-image-preview:large","max-video-preview":"max-video-preview:-1"},"canonical":"https:\/\/kingtyre-schweiz.ch\/?page_id=2241","og_locale":"de_DE","og_type":"article","og_title":"Impressum - Kingtyre Schweiz","og_description":"[vc_section][vc_row][vc_column][vc_column_text]Sitz der Gesellschaft: Kingtyre Deutschland GmbH Schulstra\u00dfe 33 71155 Altdorf Deutschland &nbsp; Telefon: +49 (0) 7031 &#8211; 2094058 Web: www.kingtyre-deutschland.de E-Mail: info@kingtyre-deutschland.de &nbsp; Gesch\u00e4ftsf\u00fchrer: Fabian Fischer, Hubert Folwarczny Zust\u00e4ndiges Gericht: Amtsgericht Stuttgart HRB Nummer: HRB 785411 USt.Nr.: DE356383843[\/vc_column_text][\/vc_column][\/vc_row][\/vc_section]","og_url":"https:\/\/kingtyre-schweiz.ch\/?page_id=2241","og_site_name":"Kingtyre Schweiz","article_modified_time":"2025-03-17T18:25:16+00:00","twitter_card":"summary_large_image","twitter_misc":{"Gesch\u00e4tzte Lesezeit":"1\u00a0Minute"},"schema":{"@context":"https:\/\/schema.org","@graph":[{"@type":"WebPage","@id":"https:\/\/kingtyre-schweiz.ch\/?page_id=2241","url":"https:\/\/kingtyre-schweiz.ch\/?page_id=2241","name":"Impressum - Kingtyre Schweiz","isPartOf":{"@id":"https:\/\/kingtyre-schweiz.ch\/#website"},"datePublished":"2022-09-25T15:49:45+00:00","dateModified":"2025-03-17T18:25:16+00:00","breadcrumb":{"@id":"https:\/\/kingtyre-schweiz.ch\/?page_id=2241#breadcrumb"},"inLanguage":"de","potentialAction":[{"@type":"ReadAction","target":["https:\/\/kingtyre-schweiz.ch\/?page_id=2241"]}]},{"@type":"BreadcrumbList","@id":"https:\/\/kingtyre-schweiz.ch\/?page_id=2241#breadcrumb","itemListElement":[{"@type":"ListItem","position":1,"name":"Startseite","item":"https:\/\/kingtyre-schweiz.ch\/"},{"@type":"ListItem","position":2,"name":"Impressum"}]},{"@type":"WebSite","@id":"https:\/\/kingtyre-schweiz.ch\/#website","url":"https:\/\/kingtyre-schweiz.ch\/","name":"Kingtyre Schweiz","description":"Motorrad Rennreifen von Kingtyre","potentialAction":[{"@type":"SearchAction","target":{"@type":"EntryPoint","urlTemplate":"https:\/\/kingtyre-schweiz.ch\/?s={search_term_string}"},"query-input":{"@type":"PropertyValueSpecification","valueRequired":true,"valueName":"search_term_string"}}],"inLanguage":"de"}]}},"_links":{"self":[{"href":"https:\/\/kingtyre-schweiz.ch\/index.php?rest_route=\/wp\/v2\/pages\/2241","targetHints":{"allow":["GET"]}}],"collection":[{"href":"https:\/\/kingtyre-schweiz.ch\/index.php?rest_route=\/wp\/v2\/pages"}],"about":[{"href":"https:\/\/kingtyre-schweiz.ch\/index.php?rest_route=\/wp\/v2\/types\/page"}],"author":[{"embeddable":true,"href":"https:\/\/kingtyre-schweiz.ch\/index.php?rest_route=\/wp\/v2\/users\/1"}],"replies":[{"embeddable":true,"href":"https:\/\/kingtyre-schweiz.ch\/index.php?rest_route=%2Fwp%2Fv2%2Fcomments&post=2241"}],"version-history":[{"count":1,"href":"https:\/\/kingtyre-schweiz.ch\/index.php?rest_route=\/wp\/v2\/pages\/2241\/revisions"}],"predecessor-version":[{"id":2689,"href":"https:\/\/kingtyre-schweiz.ch\/index.php?rest_route=\/wp\/v2\/pages\/2241\/revisions\/2689"}],"wp:attachment":[{"href":"https:\/\/kingtyre-schweiz.ch\/index.php?rest_route=%2Fwp%2Fv2%2Fmedia&parent=2241"}],"curies":[{"name":"wp","href":"https:\/\/api.w.org\/{rel}","templated":true}]}}