{"id":2254,"date":"2022-09-25T18:17:14","date_gmt":"2022-09-25T16:17:14","guid":{"rendered":"https:\/\/kingtyre-deutschland.de\/allgemeine-geschaeftsbedingungen\/"},"modified":"2022-09-25T18:17:14","modified_gmt":"2022-09-25T16:17:14","slug":"allgemeine-geschaeftsbedingungen","status":"publish","type":"page","link":"https:\/\/kingtyre-schweiz.ch\/?page_id=2254","title":{"rendered":"Allgemeine Gesch\u00e4ftsbedingungen"},"content":{"rendered":"<div class=\"wpb-content-wrapper\"><p>[vc_row][vc_column][vc_empty_space height=&#8220;120px&#8220;]<div class=\"wpb_content_element \"><style type=\"text\/css\">#ut_header_69d446635b1f5 h1.page-title { font-size:40px !important;letter-spacing:-0.03em; }<\/style><header id=\"ut_header_69d446635b1f5\" class=\"page-header page-title-module  ut-no-title-linebreak-mobile ut-no-lead-linebreak-mobile pt-style-1 header-center header-tablet-center header-mobile-center\"><h1 data-title=\"Allgemeine Gesch\u00e4ftsbedingungen\"  data-responsive-font=\"page_title\" data-responsive-font-settings=\"{&quot;base-font-size&quot;:&quot;global&quot;,&quot;font-size&quot;:{&quot;desktop_large&quot;:&quot;40&quot;},&quot;base-line-height&quot;:&quot;global&quot;,&quot;base-letter-spacing&quot;:&quot;global&quot;,&quot;letter-spacing&quot;:{&quot;desktop_large&quot;:&quot;-0.03&quot;}}\" class=\"bklyn-divider-styles bklyn-divider-style-1 page-title \"><span>Allgemeine Gesch\u00e4ftsbedingungen<\/span><\/h1><\/header><\/div>[vc_column_text]\n<!-- This legal document was generated by Complianz Terms &amp; Conditions https:\/\/wordpress.org\/plugins\/complianz-terms-conditions -->\n<div id=\"cmplz-document\" class=\"cmplz-document cmplz-terms-conditions \"><p><i>Die Allgemeinen Gesch\u00e4ftsbedingungen wurden zuletzt am 15. M\u00e4rz 2025 aktualisiert<\/i><\/p><h2>1. Einf\u00fchrung<\/h2><p>Diese Allgemeinen Gesch\u00e4ftsbedingungen gelten f\u00fcr diese Website und f\u00fcr die Transaktionen im Zusammenhang mit unseren Produkten und Dienstleistungen.&nbsp;Sie k\u00f6nnen durch zus\u00e4tzliche Vertr\u00e4ge gebunden sein, die sich auf Ihre Beziehung zu uns oder auf Produkte oder Dienstleistungen beziehen, die Sie von uns erhalten.&nbsp;Wenn Bestimmungen der Zusatzvertr\u00e4ge mit Bestimmungen dieser Bedingungen in Konflikt stehen, haben die Bestimmungen dieser Zusatzvertr\u00e4ge Vorrang.<\/p><h2>2. Verbindlichkeit<\/h2><p>Indem Sie sich auf dieser Website registrieren, auf sie zugreifen oder sie anderweitig nutzen, erkl\u00e4ren Sie sich mit den nachstehend aufgef\u00fchrten Bedingungen einverstanden.&nbsp;Die blo\u00dfe Nutzung dieser Website setzt die Kenntnis und Akzeptanz dieser Allgemeinen Gesch\u00e4ftsbedingungen voraus.&nbsp;In einigen besonderen F\u00e4llen k\u00f6nnen wir Sie auch um Ihre ausdr\u00fcckliche Zustimmung bitten.<\/p><h2>3. Elektronische Kommunikation<\/h2><p>Durch die Nutzung dieser Website oder die Kommunikation mit uns auf elektronischem Wege erkl\u00e4ren Sie sich damit einverstanden und erkennen an, dass wir mit Ihnen auf elektronischem Wege auf unserer Website oder per E-Mail kommunizieren d\u00fcrfen, und Sie erkl\u00e4ren sich damit einverstanden, dass alle Vereinbarungen, Mitteilungen, Offenlegungen und sonstigen Mitteilungen, die wir Ihnen auf elektronischem Wege zukommen lassen, alle gesetzlichen Anforderungen erf\u00fcllen, einschlie\u00dflich, aber nicht beschr\u00e4nkt auf die Anforderung, dass solche Mitteilungen schriftlich erfolgen m\u00fcssen.<\/p><h2>4. Geistiges Eigentum<\/h2><p>Wir oder unsere Lizenzgeber besitzen und kontrollieren alle Urheberrechte und sonstigen Rechte an geistigem Eigentum auf der Website sowie die Daten, Informationen und sonstigen Ressourcen, die auf der Website angezeigt werden oder auf der Website zug\u00e4nglich ist.<\/p><p class=\"cmplz-subtitle\">4.1 Alle Rechte vorbehalten<\/p><p>Sofern nicht anders angegeben, wird Ihnen keine Lizenz oder ein anderes Recht im Rahmen von Urheberrechten, Marken, Patenten oder anderen Rechten an geistigem Eigentum gew\u00e4hrt.&nbsp;Das bedeutet, dass Sie ohne unsere vorherige schriftliche Genehmigung keine Ressourcen dieser Website in irgendeiner Form nutzen, kopieren, reproduzieren, vorf\u00fchren, ausstellen, verbreiten, in ein elektronisches Medium einbetten, ver\u00e4ndern, zur\u00fcckentwickeln, dekompilieren, \u00fcbertragen, herunterladen, \u00fcbermitteln, monetarisieren, verkaufen, vermarkten oder kommerzialisieren werden, es sei denn, zwingende gesetzliche Bestimmungen (wie z.B. das Zitatrecht) sehen etwas anderes vor.<\/p><h2>5. Eigentum Drittanbieter<\/h2><p>Unsere Website kann Hyperlinks oder andere Verweise auf Websites anderer Parteien enthalten.&nbsp;Wir \u00fcberwachen oder \u00fcberpr\u00fcfen nicht den Inhalt der Websites anderer Parteien, auf die von dieser Website aus verwiesen wird.&nbsp;Produkte oder Dienstleistungen, die von anderen Websites angeboten werden, unterliegen den Allgemeinen Gesch\u00e4ftsbedingungen dieser Dritten.&nbsp;Auf diesen Websites ge\u00e4u\u00dferte Meinungen oder Materialien werden von uns nicht unbedingt geteilt oder unterst\u00fctzt.<\/p><p>Wir sind nicht verantwortlich f\u00fcr Datenschutzpraktiken oder Inhalte dieser Websites.&nbsp;Sie tragen alle Risiken, die mit der Nutzung dieser Websites und der damit verbundenen Dienste von Drittanbietern zugeh\u00f6ren.&nbsp;Wir \u00fcbernehmen keine Verantwortung f\u00fcr Verluste oder Sch\u00e4den jeglicher Art, die sich daraus ergeben, dass Sie pers\u00f6nliche Daten an Dritte weitergegeben haben.<\/p><h2>6. Verantwortungsbewusster Umgang<\/h2><p>Durch den Besuch unserer Website erkl\u00e4ren Sie sich damit einverstanden, diese nur f\u00fcr die beabsichtigten Zwecke und im Rahmen dieser Bedingungen, etwaiger zus\u00e4tzlicher Vertr\u00e4ge mit uns sowie der geltenden Gesetze, Vorschriften und allgemein anerkannten Online-Praktiken und Branchenrichtlinien zu nutzen.&nbsp;Sie d\u00fcrfen unsere Website oder Dienste nicht nutzen, um Material zu verwenden, zu ver\u00f6ffentlichen oder zu verbreiten, das aus b\u00f6sartiger Computersoftware besteht (oder mit dieser verlinkt ist); Sie d\u00fcrfen von unserer Website gesammelte Daten nicht f\u00fcr Direktmarketing-Aktivit\u00e4ten nutzen oder systematische oder automatisierte Datenerfassungsaktivit\u00e4ten auf oder in Bezug auf unsere Website durchf\u00fchren.<\/p><p>Die Teilnahme an Aktivit\u00e4ten, die Sch\u00e4den an der Website verursachen oder verursachen k\u00f6nnen oder die Leistung, Verf\u00fcgbarkeit oder Zug\u00e4nglichkeit der Website beeintr\u00e4chtigen, ist strengstens untersagt.<\/p><h2>7. Ideeneinreichung<\/h2><p>Reichen Sie keine Ideen, Erfindungen, Werke oder andere Informationen ein, die als Ihr eigenes geistiges Eigentum angesehen werden k\u00f6nnen und die Sie uns pr\u00e4sentieren m\u00f6chten, es sei denn, wir haben zuvor eine Vereinbarung \u00fcber das geistige Eigentum oder eine Geheimhaltungsvereinbarung unterzeichnet.&nbsp;Wenn Sie uns Ihre Inhalte ohne eine solche schriftliche Zustimmung zur Verf\u00fcgung stellen, gew\u00e4hren Sie uns eine weltweite, unwiderrufliche, nicht-exklusive und geb\u00fchrenfreie Lizenz zur Nutzung, Reproduktion, Speicherung, Anpassung, Ver\u00f6ffentlichung, \u00dcbersetzung und Verbreitung Ihrer Inhalte in allen bestehenden oder zuk\u00fcnftigen Medien.<\/p><h2>8. Beendigung der Nutzung<\/h2><p>Wir k\u00f6nnen nach eigenem Ermessen den Zugriff auf die Website oder einen darauf befindlichen Service jederzeit vor\u00fcbergehend oder dauerhaft \u00e4ndern oder einstellen.&nbsp;Sie erkl\u00e4ren sich damit einverstanden, dass wir weder Ihnen noch Dritten gegen\u00fcber f\u00fcr eine solche \u00c4nderung, Aussetzung oder Beendigung Ihres Zugriffs auf die Website oder die Nutzung der Website oder von Inhalten, die Sie auf der Website freigegeben haben, haften werden.&nbsp;Sie haben keinen Anspruch auf Entsch\u00e4digung oder andere Zahlungen, selbst wenn bestimmte Funktionen, Einstellungen und\/oder Inhalte, zu denen Sie beigetragen haben oder auf die Sie sich verlassen haben, dauerhaft verloren gehen.&nbsp;Sie d\u00fcrfen keine Zugangsbeschr\u00e4nkungsma\u00dfnahmen auf unserer Website umgehen oder umgehen oder versuchen, diese zu umgehen oder zu umgehen.<\/p><h2>9. Garantien und Haftung<\/h2><p>Durch nichts in diesem Abschnitt wird eine gesetzlich implizierte Garantie eingeschr\u00e4nkt oder ausgeschlossen, deren Einschr\u00e4nkung oder Ausschluss rechtswidrig w\u00e4re.&nbsp;Diese Website und alle Inhalte der Website werden &#8222;wie sie sind&#8220; und &#8222;wie verf\u00fcgbar&#8220; bereitgestellt und k\u00f6nnen Ungenauigkeiten oder Tippfehler enthalten.&nbsp;Wir lehnen ausdr\u00fccklich jegliche ausdr\u00fcckliche oder stillschweigende Gew\u00e4hrleistung jeglicher Art hinsichtlich der Verf\u00fcgbarkeit, Richtigkeit oder Vollst\u00e4ndigkeit des Inhalts ab.&nbsp;Wir \u00fcbernehmen keine Garantie daf\u00fcr, dass:<\/p><p><ul>\n                    <li>dass diese Website oder unsere Inhalte Ihren Anforderungen entsprechen;<\/li>\n                    <li>Diese Website wird ununterbrochen, zeitnah, sicher oder fehlerfrei verf\u00fcgbar sein.<\/li>\n        <\/ul><\/p><p>Nichts auf dieser Website stellt eine rechtliche, finanzielle oder medizinische Beratung jeglicher Art dar oder soll diese darstellen.&nbsp;Wenn Sie einen Rat ben\u00f6tigen, sollten Sie sich an einen entsprechenden Fachmann wenden.<\/p><p>Die folgenden Bestimmungen dieses Abschnitts gelten im gesetzlich zul\u00e4ssigen H\u00f6chstma\u00df und schr\u00e4nken unsere Haftung in Bezug auf Angelegenheiten, die f\u00fcr uns rechtswidrig oder rechtswidrig w\u00e4ren, unsere Haftung einzuschr\u00e4nken oder auszuschlie\u00dfen, nicht ein oder aus.&nbsp;In keinem Fall haften wir f\u00fcr direkte oder indirekte Sch\u00e4den (einschlie\u00dflich Sch\u00e4den aufgrund von Gewinn- oder Umsatzverlusten, Verlust oder Besch\u00e4digung von Daten, Software oder Datenbanken oder Verlust oder Besch\u00e4digung von Eigentum oder Daten), die Ihnen oder Dritten durch den Zugriff auf unsere Website oder deren Nutzung entstehen.<\/p><p>Sofern in einem Zusatzvertrag nicht ausdr\u00fccklich etwas anderes festgelegt ist, ist unsere maximale Haftung Ihnen gegen\u00fcber f\u00fcr alle Sch\u00e4den, die sich aus oder im Zusammenhang mit der Website oder den \u00fcber die Website vermarkteten oder verkauften Produkten und Dienstleistungen ergeben, unabh\u00e4ngig von der Form der Rechtshandlung, die die Haftung auferlegt (ob aus Vertrag, Billigkeit, Fahrl\u00e4ssigkeit, beabsichtigtem Verhalten, unerlaubter Handlung oder anderweitig), auf den Gesamtpreis begrenzt, den Sie uns f\u00fcr den Kauf solcher Produkte oder Dienstleistungen oder die Nutzung der Website gezahlt haben.&nbsp;Eine solche Begrenzung gilt f\u00fcr alle Ihre Anspr\u00fcche, Klagen und Klagegr\u00fcnde jeglicher Art und Natur.<\/p><h2>10. Datenschutz<\/h2><p>Um Zugang zu unserer Website und\/oder unseren Diensten zu erhalten, werden Sie m\u00f6glicherweise aufgefordert, im Rahmen des Registrierungsprozesses bestimmte Angaben zu Ihrer Person zu machen.&nbsp;Sie erkl\u00e4ren sich damit einverstanden, dass alle von Ihnen bereitgestellten Informationen immer genau, korrekt und aktuell sind.<\/p><p>Wir haben eine Richtlinie entwickelt, um etwaige Bedenken hinsichtlich des Datenschutzes auszur\u00e4umen.&nbsp;Weitere Informationen finden Sie in unserer <a href=\"https:\/\/kingtyre-schweiz.ch\/datenschutzerklaerung\/\">Datenschutzerkl\u00e4rung<\/a> und unserer <a href=\"https:\/\/kingtyre-schweiz.ch\/cookie-richtlinie-eu\/\">Cookie-Richtlinie<\/a>.<\/p><h2>11. Exportbeschr\u00e4nkungen \/ Einhaltung von Gesetzen<\/h2><p>Der Zugriff auf die Website aus Gebieten oder L\u00e4ndern, in denen der Inhalt oder Kauf der auf der Website verkauften Produkte oder Dienstleistungen illegal ist, ist verboten.&nbsp;Sie d\u00fcrfen diese Website nicht unter Verletzung der Exportgesetze und -vorschriften von Deutschland nutzen.<\/p><h2>12. Zuordnung<\/h2><p>Sie sind nicht berechtigt, Ihre Rechte und\/oder Pflichten aus diesen Bedingungen ganz oder teilweise ohne unsere vorherige schriftliche Zustimmung an Dritte abzutreten, zu \u00fcbertragen oder unterzuvergeben.&nbsp;Jede angebliche Abtretung, die gegen diesen Abschnitt verst\u00f6\u00dft, ist null und nichtig.<\/p><h2>13. Verst\u00f6\u00dfe gegen diese Allgemeinen Gesch\u00e4ftsbedingungen<\/h2><p>Unbeschadet unserer sonstigen Rechte im Rahmen dieser Allgemeinen Gesch\u00e4ftsbedingungen k\u00f6nnen wir im Falle eines Versto\u00dfes gegen diese Allgemeinen Gesch\u00e4ftsbedingungen die uns angemessen erscheinenden Ma\u00dfnahmen ergreifen, einschlie\u00dflich der vor\u00fcbergehenden oder dauerhaften Sperrung Ihres Zugriffs auf die Website, der Kontaktaufnahme mit Ihrem Internet-Provider, damit dieser Ihren Zugriff auf die Website sperrt, und\/oder der Einleitung rechtlicher Schritte gegen Sie.<\/p><h2>14. Entsch\u00e4digung<\/h2><p>Sie erkl\u00e4ren sich damit einverstanden, uns zu entsch\u00e4digen, zu verteidigen und schadlos zu halten von allen Anspr\u00fcchen, Haftungen, Sch\u00e4den, Verlusten und Ausgaben, die sich aus der Verletzung dieser Bedingungen und der geltenden Gesetze ergeben, einschlie\u00dflich der Rechte an geistigem Eigentum und der Datenschutzrechte.&nbsp;Sie entsch\u00e4digen uns unverz\u00fcglich f\u00fcr unsere Sch\u00e4den, Verluste, Kosten und Ausgaben, die sich aus solchen Anspr\u00fcchen ergeben.<\/p><h2>15. Verzicht<\/h2><p>Das Vers\u00e4umnis, eine der Bestimmungen dieser Allgemeinen Gesch\u00e4ftsbedingungen und einer Vereinbarung durchzusetzen, oder das Vers\u00e4umnis, eine K\u00fcndigungsoption auszu\u00fcben, gilt nicht als Verzicht auf diese Bestimmungen und ber\u00fchrt nicht die G\u00fcltigkeit dieser Allgemeinen Gesch\u00e4ftsbedingungen oder einer dieser Vereinbarungen oder ein Teil davon oder das Recht danach, jede einzelne Bestimmung durchzusetzen.<\/p><h2>16. Sprache<\/h2><p>Diese Allgemeinen Gesch\u00e4ftsbedingungen werden ausschlie\u00dflich in Deutsch interpretiert und ausgelegt.&nbsp;Alle Mitteilungen und Korrespondenzen werden ausschlie\u00dflich in dieser Sprache verfasst.<\/p><h2>17. Komplette Vereinbarung<\/h2><p>Diese Allgemeinen Gesch\u00e4ftsbedingungen bilden zusammen mit unserer <a href=\"https:\/\/kingtyre-schweiz.ch\/datenschutzerklaerung\/\">Datenschutzerkl\u00e4rung<\/a> und <a href=\"https:\/\/kingtyre-schweiz.ch\/cookie-richtlinie-eu\/\">Cookie-Richtlinie<\/a> die gesamte Vereinbarung zwischen Ihnen und Kingtryre Deutschland GmbH in Bezug auf die Nutzung dieser Website.<\/p><h2>18. Aktualisierung dieser Allgemeinen Gesch\u00e4ftsbedingungen<\/h2><p>Wir k\u00f6nnen diese Allgemeinen Gesch\u00e4ftsbedingungen von Zeit zu Zeit aktualisieren.&nbsp;Es ist Ihre Pflicht, diese Allgemeinen Gesch\u00e4ftsbedingungen regelm\u00e4\u00dfig auf \u00c4nderungen oder Aktualisierungen zu \u00fcberpr\u00fcfen.&nbsp;Das zu Beginn dieser Allgemeinen Gesch\u00e4ftsbedingungen angegebene Datum ist das letzte \u00dcberarbeitungsdatum.&nbsp;\u00c4nderungen dieser Allgemeinen Gesch\u00e4ftsbedingungen werden wirksam, sobald solche \u00c4nderungen auf dieser Website ver\u00f6ffentlicht werden.&nbsp;Ihre fortgesetzte Nutzung dieser Website nach der Ver\u00f6ffentlichung von \u00c4nderungen oder Aktualisierungen gilt als Ihre Zustimmung, diese Bedingungen einzuhalten und an sie gebunden zu sein.<\/p><h2>19. Rechtswahl und Gerichtsstand<\/h2><p>Diese Allgemeinen Gesch\u00e4ftsbedingungen unterliegen den Gesetzen von Deutschland.&nbsp;F\u00fcr alle Streitigkeiten im Zusammenhang mit diesen Allgemeinen Gesch\u00e4ftsbedingungen sind die Gerichte von Deutschland zust\u00e4ndig.&nbsp;Wenn ein Teil oder eine Bestimmung dieser Allgemeinen Gesch\u00e4ftsbedingungen von einem Gericht oder einer anderen Beh\u00f6rde als ung\u00fcltig und \/ oder nach geltendem Recht nicht durchsetzbar befunden wird, wird dieser Teil oder diese Bestimmung im maximal zul\u00e4ssigen Umfang ge\u00e4ndert, gel\u00f6scht und \/ oder durchgesetzt die Absicht dieser Allgemeinen Gesch\u00e4ftsbedingungen verwirklicht.&nbsp;Die \u00fcbrigen Bestimmungen bleiben unber\u00fchrt.<\/p><h2>20. Kontaktinformationen<\/h2><p>Diese Website geh\u00f6rt und wird betrieben von Kingtryre Deutschland GmbH .<\/p><p>Sie k\u00f6nnen uns bez\u00fcglich dieser Gesch\u00e4ftsbedingungen schriftlich oder per E-Mail an die folgende Adresse kontaktieren: &#105;&#110;&#102;&#111;&#064;&#107;&#105;&#110;g&#116;&#121;re&#045;de&#117;&#116;sch&#108;&#097;&#110;d.&#100;e<br>Schulstra\u00dfe 33, 71155 Altdorf<\/p><h2>21. Download<\/h2><p>Sie k\u00f6nnen auch unsere Allgemeinen Gesch\u00e4ftsbedingungen als PDF-Datei <a href=\"https:\/\/kingtyre-schweiz.ch\/wp-content\/plugins\/complianz-terms-conditions\/download.php\">herunterladen<\/a> .<\/p><\/div>[\/vc_column_text][\/vc_column][\/vc_row]<\/p>\n<\/div>","protected":false},"excerpt":{"rendered":"<p>[vc_row][vc_column][vc_empty_space height=&#8220;120px&#8220;][vc_column_text][\/vc_column_text][\/vc_column][\/vc_row]<\/p>\n","protected":false},"author":1,"featured_media":0,"parent":0,"menu_order":0,"comment_status":"closed","ping_status":"closed","template":"","meta":{"footnotes":""},"class_list":["post-2254","page","type-page","status-publish","hentry"],"yoast_head":"<!-- This site is optimized with the Yoast SEO plugin v27.0 - https:\/\/yoast.com\/product\/yoast-seo-wordpress\/ -->\n<title>Allgemeine Gesch\u00e4ftsbedingungen - Kingtyre Schweiz<\/title>\n<meta name=\"robots\" content=\"index, follow, max-snippet:-1, max-image-preview:large, max-video-preview:-1\" \/>\n<link rel=\"canonical\" href=\"https:\/\/kingtyre-schweiz.ch\/?page_id=2254\" \/>\n<meta property=\"og:locale\" content=\"de_DE\" \/>\n<meta property=\"og:type\" content=\"article\" \/>\n<meta property=\"og:title\" content=\"Allgemeine Gesch\u00e4ftsbedingungen - Kingtyre Schweiz\" \/>\n<meta property=\"og:description\" content=\"[vc_row][vc_column][vc_empty_space height=&#8220;120px&#8220;][vc_column_text][\/vc_column_text][\/vc_column][\/vc_row]\" \/>\n<meta property=\"og:url\" content=\"https:\/\/kingtyre-schweiz.ch\/?page_id=2254\" \/>\n<meta property=\"og:site_name\" content=\"Kingtyre Schweiz\" \/>\n<meta name=\"twitter:card\" content=\"summary_large_image\" \/>\n<script type=\"application\/ld+json\" class=\"yoast-schema-graph\">{\"@context\":\"https:\/\/schema.org\",\"@graph\":[{\"@type\":\"WebPage\",\"@id\":\"https:\/\/kingtyre-schweiz.ch\/?page_id=2254\",\"url\":\"https:\/\/kingtyre-schweiz.ch\/?page_id=2254\",\"name\":\"Allgemeine Gesch\u00e4ftsbedingungen - Kingtyre Schweiz\",\"isPartOf\":{\"@id\":\"https:\/\/kingtyre-schweiz.ch\/#website\"},\"datePublished\":\"2022-09-25T16:17:14+00:00\",\"breadcrumb\":{\"@id\":\"https:\/\/kingtyre-schweiz.ch\/?page_id=2254#breadcrumb\"},\"inLanguage\":\"de\",\"potentialAction\":[{\"@type\":\"ReadAction\",\"target\":[\"https:\/\/kingtyre-schweiz.ch\/?page_id=2254\"]}]},{\"@type\":\"BreadcrumbList\",\"@id\":\"https:\/\/kingtyre-schweiz.ch\/?page_id=2254#breadcrumb\",\"itemListElement\":[{\"@type\":\"ListItem\",\"position\":1,\"name\":\"Startseite\",\"item\":\"https:\/\/kingtyre-schweiz.ch\/\"},{\"@type\":\"ListItem\",\"position\":2,\"name\":\"Allgemeine Gesch\u00e4ftsbedingungen\"}]},{\"@type\":\"WebSite\",\"@id\":\"https:\/\/kingtyre-schweiz.ch\/#website\",\"url\":\"https:\/\/kingtyre-schweiz.ch\/\",\"name\":\"Kingtyre Schweiz\",\"description\":\"Motorrad Rennreifen von Kingtyre\",\"potentialAction\":[{\"@type\":\"SearchAction\",\"target\":{\"@type\":\"EntryPoint\",\"urlTemplate\":\"https:\/\/kingtyre-schweiz.ch\/?s={search_term_string}\"},\"query-input\":{\"@type\":\"PropertyValueSpecification\",\"valueRequired\":true,\"valueName\":\"search_term_string\"}}],\"inLanguage\":\"de\"}]}<\/script>\n<!-- \/ Yoast SEO plugin. -->","yoast_head_json":{"title":"Allgemeine Gesch\u00e4ftsbedingungen - Kingtyre Schweiz","robots":{"index":"index","follow":"follow","max-snippet":"max-snippet:-1","max-image-preview":"max-image-preview:large","max-video-preview":"max-video-preview:-1"},"canonical":"https:\/\/kingtyre-schweiz.ch\/?page_id=2254","og_locale":"de_DE","og_type":"article","og_title":"Allgemeine Gesch\u00e4ftsbedingungen - Kingtyre Schweiz","og_description":"[vc_row][vc_column][vc_empty_space height=&#8220;120px&#8220;][vc_column_text][\/vc_column_text][\/vc_column][\/vc_row]","og_url":"https:\/\/kingtyre-schweiz.ch\/?page_id=2254","og_site_name":"Kingtyre Schweiz","twitter_card":"summary_large_image","schema":{"@context":"https:\/\/schema.org","@graph":[{"@type":"WebPage","@id":"https:\/\/kingtyre-schweiz.ch\/?page_id=2254","url":"https:\/\/kingtyre-schweiz.ch\/?page_id=2254","name":"Allgemeine Gesch\u00e4ftsbedingungen - Kingtyre Schweiz","isPartOf":{"@id":"https:\/\/kingtyre-schweiz.ch\/#website"},"datePublished":"2022-09-25T16:17:14+00:00","breadcrumb":{"@id":"https:\/\/kingtyre-schweiz.ch\/?page_id=2254#breadcrumb"},"inLanguage":"de","potentialAction":[{"@type":"ReadAction","target":["https:\/\/kingtyre-schweiz.ch\/?page_id=2254"]}]},{"@type":"BreadcrumbList","@id":"https:\/\/kingtyre-schweiz.ch\/?page_id=2254#breadcrumb","itemListElement":[{"@type":"ListItem","position":1,"name":"Startseite","item":"https:\/\/kingtyre-schweiz.ch\/"},{"@type":"ListItem","position":2,"name":"Allgemeine Gesch\u00e4ftsbedingungen"}]},{"@type":"WebSite","@id":"https:\/\/kingtyre-schweiz.ch\/#website","url":"https:\/\/kingtyre-schweiz.ch\/","name":"Kingtyre Schweiz","description":"Motorrad Rennreifen von Kingtyre","potentialAction":[{"@type":"SearchAction","target":{"@type":"EntryPoint","urlTemplate":"https:\/\/kingtyre-schweiz.ch\/?s={search_term_string}"},"query-input":{"@type":"PropertyValueSpecification","valueRequired":true,"valueName":"search_term_string"}}],"inLanguage":"de"}]}},"_links":{"self":[{"href":"https:\/\/kingtyre-schweiz.ch\/index.php?rest_route=\/wp\/v2\/pages\/2254","targetHints":{"allow":["GET"]}}],"collection":[{"href":"https:\/\/kingtyre-schweiz.ch\/index.php?rest_route=\/wp\/v2\/pages"}],"about":[{"href":"https:\/\/kingtyre-schweiz.ch\/index.php?rest_route=\/wp\/v2\/types\/page"}],"author":[{"embeddable":true,"href":"https:\/\/kingtyre-schweiz.ch\/index.php?rest_route=\/wp\/v2\/users\/1"}],"replies":[{"embeddable":true,"href":"https:\/\/kingtyre-schweiz.ch\/index.php?rest_route=%2Fwp%2Fv2%2Fcomments&post=2254"}],"version-history":[{"count":0,"href":"https:\/\/kingtyre-schweiz.ch\/index.php?rest_route=\/wp\/v2\/pages\/2254\/revisions"}],"wp:attachment":[{"href":"https:\/\/kingtyre-schweiz.ch\/index.php?rest_route=%2Fwp%2Fv2%2Fmedia&parent=2254"}],"curies":[{"name":"wp","href":"https:\/\/api.w.org\/{rel}","templated":true}]}}